{"id":2,"date":"2022-02-17T09:15:29","date_gmt":"2022-02-17T08:15:29","guid":{"rendered":"https:\/\/lovdalensakeri.test\/?page_id=2"},"modified":"2022-03-01T10:05:19","modified_gmt":"2022-03-01T09:05:19","slug":"exempelsida","status":"publish","type":"page","link":"https:\/\/www.lovdalensakeri.se\/","title":{"rendered":"Startsida"},"content":{"rendered":"\n<div class=\"wp-block-cover alignfull is-light\" style=\"min-height:691px\"><span aria-hidden=\"true\" class=\"has-background-dim-20 wp-block-cover__gradient-background has-background-dim\"><\/span><img loading=\"lazy\" width=\"1140\" height=\"662\" class=\"wp-block-cover__image-background wp-image-148\" alt=\"\" src=\"https:\/\/www.lovdalensakeri.se\/wp-content\/uploads\/2022\/03\/image_50351361.jpg\" data-object-fit=\"cover\" srcset=\"https:\/\/www.lovdalensakeri.se\/wp-content\/uploads\/2022\/03\/image_50351361.jpg 1140w, https:\/\/www.lovdalensakeri.se\/wp-content\/uploads\/2022\/03\/image_50351361-300x174.jpg 300w, https:\/\/www.lovdalensakeri.se\/wp-content\/uploads\/2022\/03\/image_50351361-1024x595.jpg 1024w, https:\/\/www.lovdalensakeri.se\/wp-content\/uploads\/2022\/03\/image_50351361-768x446.jpg 768w\" sizes=\"(max-width: 1140px) 100vw, 1140px\" \/><div class=\"wp-block-cover__inner-container\">\n<h1 class=\"has-text-align-center has-background-color has-text-color has-text-5-xl-font-size\" id=\"valkommen-till-lovdalens-akeri\"><strong>V\u00e4lkommen till L\u00f6vdalens \u00c5keri!<\/strong><\/h1>\n\n\n\n<p class=\"has-text-align-center has-background-color has-text-color\">Vi jobbar st\u00e4ndigt med transporter som passar dig som kund utifr\u00e5n era \u00f6nskem\u00e5l<\/p>\n\n\n\n<div style=\"height:14px\" aria-hidden=\"true\" class=\"wp-block-spacer\"><\/div>\n\n\n\n<div class=\"wp-container-69ef287bbaa92 wp-block-buttons\">\n<div class=\"wp-block-button\"><a class=\"wp-block-button__link has-background\" href=\"tel:0705141767\" style=\"border-radius:0px;background-color:#8c0a05\"><strong>Ring oss<\/strong><\/a><\/div>\n<\/div>\n<\/div><\/div>\n\n\n\n<div class=\"wp-block-columns alignwide\">\n<div class=\"wp-block-column\">\n<div style=\"height:45px\" aria-hidden=\"true\" class=\"wp-block-spacer\"><\/div>\n\n\n\n<h2 class=\"has-text-align-center has-text-3-xl-font-size\" id=\"det-lilla-akeriet-i-boras-med-stora-mojligheter\"><strong>Det lilla \u00e5keriet i Bor\u00e5s med stora m\u00f6jligheter.<\/strong><\/h2>\n\n\n\n<div style=\"height:14px\" aria-hidden=\"true\" class=\"wp-block-spacer\"><\/div>\n\n\n\n<hr class=\"wp-block-separator aligncenter has-text-color has-background\" style=\"background-color:#8c0a05;color:#8c0a05\"\/>\n\n\n\n<div style=\"height:61px\" aria-hidden=\"true\" class=\"wp-block-spacer\"><\/div>\n<\/div>\n<\/div>\n\n\n\n<div class=\"wp-block-columns alignwide\">\n<div class=\"wp-block-column\">\n<div class=\"wp-block-image\"><figure class=\"aligncenter size-full is-resized\"><img loading=\"lazy\" src=\"https:\/\/test.lovdalensakeri.se\/wp-content\/uploads\/2022\/02\/pencil.png\" alt=\"\" class=\"wp-image-98\" width=\"95\" height=\"95\" srcset=\"https:\/\/www.lovdalensakeri.se\/wp-content\/uploads\/2022\/02\/pencil.png 512w, https:\/\/www.lovdalensakeri.se\/wp-content\/uploads\/2022\/02\/pencil-300x300.png 300w, https:\/\/www.lovdalensakeri.se\/wp-content\/uploads\/2022\/02\/pencil-150x150.png 150w\" sizes=\"(max-width: 95px) 100vw, 95px\" \/><\/figure><\/div>\n\n\n\n<h2 class=\"has-text-align-center has-text-2-xl-font-size\" id=\"skraddarsytt-efter-era-onskemal\"><strong>Skr\u00e4ddarsytt efter era \u00f6nskem\u00e5l<\/strong><\/h2>\n\n\n\n<p class=\"has-text-align-center\">Vi ser till att ni f\u00e5r en s\u00e5 bra upplevelse som m\u00f6jligt. Kontakta oss med era \u00f6nskem\u00e5l s\u00e5 matchar vi behovet!<\/p>\n<\/div>\n\n\n\n<div class=\"wp-block-column\">\n<div class=\"wp-block-image\"><figure class=\"aligncenter size-full is-resized\"><img loading=\"lazy\" src=\"https:\/\/test.lovdalensakeri.se\/wp-content\/uploads\/2022\/02\/junction.png\" alt=\"\" class=\"wp-image-95\" width=\"95\" height=\"95\" srcset=\"https:\/\/www.lovdalensakeri.se\/wp-content\/uploads\/2022\/02\/junction.png 512w, https:\/\/www.lovdalensakeri.se\/wp-content\/uploads\/2022\/02\/junction-300x300.png 300w, https:\/\/www.lovdalensakeri.se\/wp-content\/uploads\/2022\/02\/junction-150x150.png 150w\" sizes=\"(max-width: 95px) 100vw, 95px\" \/><\/figure><\/div>\n\n\n\n<h2 class=\"has-text-align-center has-text-2-xl-font-size\" id=\"skraddarsytt-efter-era-onskemal\"><strong>Flexibla och snabba<\/strong><\/h2>\n\n\n\n<p class=\"has-text-align-center\">Vi utg\u00e5r fr\u00e5n Bor\u00e5s men \u00e4r flexibla och erbjuder v\u00e5ra tj\u00e4nster i hela V\u00e4stra G\u00f6taland!<\/p>\n<\/div>\n\n\n\n<div class=\"wp-block-column\">\n<div class=\"wp-block-image\"><figure class=\"aligncenter size-full is-resized\"><img loading=\"lazy\" src=\"https:\/\/test.lovdalensakeri.se\/wp-content\/uploads\/2022\/02\/sand.png\" alt=\"\" class=\"wp-image-96\" width=\"95\" height=\"95\" srcset=\"https:\/\/www.lovdalensakeri.se\/wp-content\/uploads\/2022\/02\/sand.png 512w, https:\/\/www.lovdalensakeri.se\/wp-content\/uploads\/2022\/02\/sand-300x300.png 300w, https:\/\/www.lovdalensakeri.se\/wp-content\/uploads\/2022\/02\/sand-150x150.png 150w\" sizes=\"(max-width: 95px) 100vw, 95px\" \/><\/figure><\/div>\n\n\n\n<h2 class=\"has-text-align-center has-text-2-xl-font-size\" id=\"forsaljning-utav-material\"><strong>F\u00f6rs\u00e4ljning utav material<\/strong><\/h2>\n\n\n\n<p class=\"has-text-align-center\">Beh\u00f6ver du sand till sandl\u00e5dan? Det fixar vi! Likas\u00e5 allt annat inom entreprenad.<\/p>\n<\/div>\n<\/div>\n\n\n\n<div style=\"height:45px\" aria-hidden=\"true\" class=\"wp-block-spacer\"><\/div>\n\n\n\n<div class=\"wp-block-cover alignfull is-light\" style=\"min-height:700px\"><span aria-hidden=\"true\" class=\"has-background-dim-0 wp-block-cover__gradient-background has-background-dim\"><\/span><img loading=\"lazy\" width=\"2560\" height=\"1920\" class=\"wp-block-cover__image-background wp-image-151\" alt=\"\" src=\"https:\/\/www.lovdalensakeri.se\/wp-content\/uploads\/2022\/03\/image_503736355553-scaled.jpg\" data-object-fit=\"cover\" srcset=\"https:\/\/www.lovdalensakeri.se\/wp-content\/uploads\/2022\/03\/image_503736355553-scaled.jpg 2560w, https:\/\/www.lovdalensakeri.se\/wp-content\/uploads\/2022\/03\/image_503736355553-300x225.jpg 300w, https:\/\/www.lovdalensakeri.se\/wp-content\/uploads\/2022\/03\/image_503736355553-1024x768.jpg 1024w, https:\/\/www.lovdalensakeri.se\/wp-content\/uploads\/2022\/03\/image_503736355553-768x576.jpg 768w, https:\/\/www.lovdalensakeri.se\/wp-content\/uploads\/2022\/03\/image_503736355553-1536x1152.jpg 1536w, https:\/\/www.lovdalensakeri.se\/wp-content\/uploads\/2022\/03\/image_503736355553-2048x1536.jpg 2048w, https:\/\/www.lovdalensakeri.se\/wp-content\/uploads\/2022\/03\/image_503736355553-1568x1176.jpg 1568w\" sizes=\"(max-width: 2560px) 100vw, 2560px\" \/><div class=\"wp-block-cover__inner-container\">\n<div class=\"wp-container-69ef287bbb74b wp-block-group\">\n<div class=\"wp-block-columns alignwide are-vertically-aligned-center is-style-default\">\n<div class=\"wp-block-column is-vertically-aligned-center\">\n<div class=\"wp-block-image is-style-default\"><figure class=\"aligncenter size-large is-resized\"><img loading=\"lazy\" src=\"https:\/\/test.lovdalensakeri.se\/wp-content\/uploads\/2022\/02\/image_50736641-1024x768.jpg\" alt=\"\" class=\"wp-image-17\" width=\"1024\" height=\"768\" srcset=\"https:\/\/www.lovdalensakeri.se\/wp-content\/uploads\/2022\/02\/image_50736641-1024x768.jpg 1024w, https:\/\/www.lovdalensakeri.se\/wp-content\/uploads\/2022\/02\/image_50736641-300x225.jpg 300w, https:\/\/www.lovdalensakeri.se\/wp-content\/uploads\/2022\/02\/image_50736641-768x576.jpg 768w, https:\/\/www.lovdalensakeri.se\/wp-content\/uploads\/2022\/02\/image_50736641-1536x1152.jpg 1536w, https:\/\/www.lovdalensakeri.se\/wp-content\/uploads\/2022\/02\/image_50736641-1568x1176.jpg 1568w, https:\/\/www.lovdalensakeri.se\/wp-content\/uploads\/2022\/02\/image_50736641.jpg 2016w\" sizes=\"(max-width: 1024px) 100vw, 1024px\" \/><\/figure><\/div>\n<\/div>\n\n\n\n<div class=\"wp-block-column is-vertically-aligned-center\">\n<h2 class=\"has-text-4-xl-font-size\" id=\"om-oss\"><strong>Om oss<\/strong><\/h2>\n\n\n\n<p>Som transport\u00f6rer str\u00e4var vi alltid efter snabb service med b\u00e4sta resultat och s\u00e4tter stort v\u00e4rde i kundn\u00f6jdhet och kundrelation.<\/p>\n\n\n\n<p>F\u00f6r att uppn\u00e5 detta \u00e4r vi flexibla, anpassningsbara och f\u00f6rs\u00f6ker alltid hitta l\u00f6sningar p\u00e5 era problem.<\/p>\n\n\n\n<div style=\"height:15px\" aria-hidden=\"true\" class=\"wp-block-spacer\"><\/div>\n\n\n\n<div class=\"wp-container-69ef287bbb2a4 wp-block-buttons\">\n<div class=\"wp-block-button\"><a class=\"wp-block-button__link has-background\" href=\"mailto:info@lovdalensakeri.se\" style=\"border-radius:0px;background-color:#8c0a05\"><strong>Maila oss<\/strong><\/a><\/div>\n<\/div>\n<\/div>\n<\/div>\n<\/div>\n<\/div><\/div>\n\n\n\n<div class=\"wp-block-cover alignfull is-light\" style=\"min-height:492px\"><span aria-hidden=\"true\" class=\"has-background-dim-10 wp-block-cover__gradient-background has-background-dim\"><\/span><img loading=\"lazy\" width=\"1242\" height=\"2208\" class=\"wp-block-cover__image-background wp-image-59\" alt=\"\" src=\"https:\/\/test.lovdalensakeri.se\/wp-content\/uploads\/2022\/02\/image_648344172.jpg\" style=\"object-position:49% 57%\" data-object-fit=\"cover\" data-object-position=\"49% 57%\" srcset=\"https:\/\/www.lovdalensakeri.se\/wp-content\/uploads\/2022\/02\/image_648344172.jpg 1242w, https:\/\/www.lovdalensakeri.se\/wp-content\/uploads\/2022\/02\/image_648344172-169x300.jpg 169w, https:\/\/www.lovdalensakeri.se\/wp-content\/uploads\/2022\/02\/image_648344172-576x1024.jpg 576w, https:\/\/www.lovdalensakeri.se\/wp-content\/uploads\/2022\/02\/image_648344172-768x1365.jpg 768w, https:\/\/www.lovdalensakeri.se\/wp-content\/uploads\/2022\/02\/image_648344172-864x1536.jpg 864w, https:\/\/www.lovdalensakeri.se\/wp-content\/uploads\/2022\/02\/image_648344172-1152x2048.jpg 1152w\" sizes=\"(max-width: 1242px) 100vw, 1242px\" \/><div class=\"wp-block-cover__inner-container\">\n<h2 class=\"has-text-align-center has-background-color has-text-color has-text-4-xl-font-size\" id=\"behover-du-battra-pa-grusgangen-eller-sand-till-sandladan\"><strong>Beh\u00f6ver du b\u00e4ttra p\u00e5 grusg\u00e5ngen eller sand till sandl\u00e5dan?<\/strong><\/h2>\n\n\n\n<p class=\"has-text-align-center has-background-color has-text-color\">Vi s\u00e4ljer allt inom entreprenad s\u00e5som gr\u00e4smattejord, sand, grus och makadam.<\/p>\n\n\n\n<p class=\"has-text-align-center has-background-color has-text-color\">Vi s\u00e4ljer \u00e4ven kuttersp\u00e5n och s\u00e5gsp\u00e5n.<\/p>\n<\/div><\/div>\n\n\n\n<div style=\"height:56px\" aria-hidden=\"true\" class=\"wp-block-spacer\"><\/div>\n\n\n\n<div class=\"wp-block-columns alignwide are-vertically-aligned-center\">\n<div class=\"wp-block-column is-vertically-aligned-center\">\n<h2 class=\"has-text-4-xl-font-size\" id=\"fordonstyper\"><strong>Fordonstyper<\/strong><\/h2>\n\n\n\n<div style=\"height:25px\" aria-hidden=\"true\" class=\"wp-block-spacer\"><\/div>\n\n\n\n<p class=\"has-text-align-left\">Vi har idag 10 lastbilar som \u00e4r utrustade och kan utrustas p\u00e5 olika s\u00e4tt.<\/p>\n\n\n\n<div style=\"height:25px\" aria-hidden=\"true\" class=\"wp-block-spacer\"><\/div>\n\n\n\n<p class=\"has-text-align-left\"><strong>Tridembil<\/strong> &#8211; Tippa grus, sprida v\u00e4gar, flytta tyngre maskiner s\u00e5som t ex gr\u00e4vmaskiner, liftar och truckar.<\/p>\n\n\n\n<p class=\"has-text-align-left\"><strong>Kranbil<\/strong> &#8211; Krana byggmaterial, matjord, ris, grus och makadam.&nbsp;<\/p>\n\n\n\n<p class=\"has-text-align-left\"><strong>Bodbil<\/strong> &#8211; Lyfta l\u00e5ngt eller tung. Taktegel, husmontage eller flytta containrar. Kan \u00e4ven monteras p\u00e5 korg om man har h\u00f6gtflygande planer.&nbsp;<\/p>\n\n\n\n<p class=\"has-text-align-left\"><strong>Krans\u00e5g<\/strong> &#8211; Plockar s\u00e4kert ner tr\u00e4d och f\u00e5r med sig riset och stockarna ifr\u00e5n platsen.<\/p>\n\n\n\n<p class=\"has-text-align-left\"><strong>Maskinvagn<\/strong> &#8211; Flytta st\u00f6rre och tyngre maskiner, \u00e4ven transportera halm.&nbsp;<\/p>\n<\/div>\n\n\n\n<div class=\"wp-block-column is-vertically-aligned-center\">\n<figure class=\"wp-block-image size-large\"><img loading=\"lazy\" width=\"1024\" height=\"1024\" src=\"https:\/\/www.lovdalensakeri.se\/wp-content\/uploads\/2022\/03\/image001-1024x1024.jpg\" alt=\"\" class=\"wp-image-149\" srcset=\"https:\/\/www.lovdalensakeri.se\/wp-content\/uploads\/2022\/03\/image001-1024x1024.jpg 1024w, https:\/\/www.lovdalensakeri.se\/wp-content\/uploads\/2022\/03\/image001-300x300.jpg 300w, https:\/\/www.lovdalensakeri.se\/wp-content\/uploads\/2022\/03\/image001-150x150.jpg 150w, https:\/\/www.lovdalensakeri.se\/wp-content\/uploads\/2022\/03\/image001-768x768.jpg 768w, https:\/\/www.lovdalensakeri.se\/wp-content\/uploads\/2022\/03\/image001-1536x1536.jpg 1536w, https:\/\/www.lovdalensakeri.se\/wp-content\/uploads\/2022\/03\/image001-2048x2048.jpg 2048w, https:\/\/www.lovdalensakeri.se\/wp-content\/uploads\/2022\/03\/image001-1568x1568.jpg 1568w\" sizes=\"(max-width: 1024px) 100vw, 1024px\" \/><\/figure>\n<\/div>\n<\/div>\n\n\n\n<div class=\"wp-block-cover alignfull is-light\" style=\"min-height:555px\"><span aria-hidden=\"true\" class=\"has-background-dim-0 wp-block-cover__gradient-background has-background-dim\"><\/span><img loading=\"lazy\" width=\"1820\" height=\"882\" class=\"wp-block-cover__image-background wp-image-82\" alt=\"\" src=\"https:\/\/test.lovdalensakeri.se\/wp-content\/uploads\/2022\/02\/Ska\u0308rmavbild-2022-02-22-kl.-13.46.jpg\" data-object-fit=\"cover\" srcset=\"https:\/\/www.lovdalensakeri.se\/wp-content\/uploads\/2022\/02\/Ska\u0308rmavbild-2022-02-22-kl.-13.46.jpg 1820w, https:\/\/www.lovdalensakeri.se\/wp-content\/uploads\/2022\/02\/Ska\u0308rmavbild-2022-02-22-kl.-13.46-300x145.jpg 300w, https:\/\/www.lovdalensakeri.se\/wp-content\/uploads\/2022\/02\/Ska\u0308rmavbild-2022-02-22-kl.-13.46-1024x496.jpg 1024w, https:\/\/www.lovdalensakeri.se\/wp-content\/uploads\/2022\/02\/Ska\u0308rmavbild-2022-02-22-kl.-13.46-768x372.jpg 768w, https:\/\/www.lovdalensakeri.se\/wp-content\/uploads\/2022\/02\/Ska\u0308rmavbild-2022-02-22-kl.-13.46-1536x744.jpg 1536w, https:\/\/www.lovdalensakeri.se\/wp-content\/uploads\/2022\/02\/Ska\u0308rmavbild-2022-02-22-kl.-13.46-1568x760.jpg 1568w\" sizes=\"(max-width: 1820px) 100vw, 1820px\" \/><div class=\"wp-block-cover__inner-container\">\n<div class=\"wp-block-image\"><figure class=\"aligncenter size-thumbnail\"><img loading=\"lazy\" width=\"150\" height=\"150\" src=\"https:\/\/test.lovdalensakeri.se\/wp-content\/uploads\/2022\/02\/dump-truck-150x150.png\" alt=\"\" class=\"wp-image-85\" srcset=\"https:\/\/www.lovdalensakeri.se\/wp-content\/uploads\/2022\/02\/dump-truck-150x150.png 150w, https:\/\/www.lovdalensakeri.se\/wp-content\/uploads\/2022\/02\/dump-truck-300x300.png 300w, https:\/\/www.lovdalensakeri.se\/wp-content\/uploads\/2022\/02\/dump-truck.png 512w\" sizes=\"(max-width: 150px) 100vw, 150px\" \/><\/figure><\/div>\n\n\n\n<h2 class=\"has-text-align-center has-text-4-xl-font-size\" id=\"kontakta-oss-idag\"><strong>Kontakta oss idag!<\/strong><\/h2>\n\n\n\n<div style=\"height:16px\" aria-hidden=\"true\" class=\"wp-block-spacer\"><\/div>\n\n\n\n<p class=\"has-text-align-center\">Beh\u00f6ver du ett l\u00f6sflak eller lyftbinge att sl\u00e4nga skr\u00e4p i? Det hj\u00e4lper vi er g\u00e4rna med!<\/p>\n\n\n\n<p class=\"has-text-align-center\">Ring om era \u00f6nskem\u00e5l, s\u00e5 ser vi till att ha r\u00e4tt lastbil f\u00f6r \u00e4ndam\u00e5let.&nbsp;<\/p>\n\n\n\n<div style=\"height:9px\" aria-hidden=\"true\" class=\"wp-block-spacer\"><\/div>\n\n\n\n<p class=\"has-text-align-center\"><strong>Alexander Rapp <\/strong><\/p>\n\n\n\n<p class=\"has-text-align-center\"><a href=\"tel:0705141767\">0705141767<\/a><\/p>\n\n\n\n<div style=\"height:10px\" aria-hidden=\"true\" class=\"wp-block-spacer\"><\/div>\n\n\n\n<p class=\"has-text-align-center\"><strong>Rolf Rapp<\/strong><\/p>\n\n\n\n<p class=\"has-text-align-center\"><strong> <\/strong><a href=\"tel:0703499333\">0703499333<\/a><\/p>\n\n\n\n<div style=\"height:20px\" aria-hidden=\"true\" class=\"wp-block-spacer\"><\/div>\n\n\n\n<p class=\"has-text-align-center\"><a href=\"mailto:info@lovdalensakeri.se\">info@lovdalensakeri.se<\/a><\/p>\n<\/div><\/div>\n","protected":false},"excerpt":{"rendered":"<p>Det lilla \u00e5keriet i Bor\u00e5s med stora m\u00f6jligheter. Skr\u00e4ddarsytt efter era \u00f6nskem\u00e5l Vi ser till att ni f\u00e5r en s\u00e5 bra upplevelse som m\u00f6jligt. Kontakta oss med era \u00f6nskem\u00e5l s\u00e5 matchar vi behovet! Flexibla och snabba Vi utg\u00e5r fr\u00e5n Bor\u00e5s men \u00e4r flexibla och erbjuder v\u00e5ra tj\u00e4nster i hela V\u00e4stra G\u00f6taland! F\u00f6rs\u00e4ljning utav material Beh\u00f6ver&hellip; <a class=\"more-link\" href=\"https:\/\/www.lovdalensakeri.se\/\">Continue reading <span class=\"screen-reader-text\">Startsida<\/span><\/a><\/p>\n","protected":false},"author":1,"featured_media":0,"parent":0,"menu_order":0,"comment_status":"closed","ping_status":"open","template":"","meta":[],"acf":[],"yoast_head":"<!-- This site is optimized with the Yoast SEO plugin v18.1 - https:\/\/yoast.com\/wordpress\/plugins\/seo\/ -->\n<title>Startsida - Lovdalens \u00c5keri<\/title>\n<meta name=\"robots\" content=\"index, follow, max-snippet:-1, max-image-preview:large, max-video-preview:-1\" \/>\n<link rel=\"canonical\" href=\"https:\/\/lovdalensakeri.se\/\" \/>\n<meta property=\"og:locale\" content=\"sv_SE\" \/>\n<meta property=\"og:type\" content=\"article\" \/>\n<meta property=\"og:title\" content=\"Startsida - Lovdalens \u00c5keri\" \/>\n<meta property=\"og:description\" content=\"Det lilla \u00e5keriet i Bor\u00e5s med stora m\u00f6jligheter. Skr\u00e4ddarsytt efter era \u00f6nskem\u00e5l Vi ser till att ni f\u00e5r en s\u00e5 bra upplevelse som m\u00f6jligt. Kontakta oss med era \u00f6nskem\u00e5l s\u00e5 matchar vi behovet! Flexibla och snabba Vi utg\u00e5r fr\u00e5n Bor\u00e5s men \u00e4r flexibla och erbjuder v\u00e5ra tj\u00e4nster i hela V\u00e4stra G\u00f6taland! F\u00f6rs\u00e4ljning utav material Beh\u00f6ver&hellip; Continue reading Startsida\" \/>\n<meta property=\"og:url\" content=\"https:\/\/lovdalensakeri.se\/\" \/>\n<meta property=\"og:site_name\" content=\"Lovdalens \u00c5keri\" \/>\n<meta property=\"article:modified_time\" content=\"2022-03-01T09:05:19+00:00\" \/>\n<meta property=\"og:image\" content=\"https:\/\/www.lovdalensakeri.se\/wp-content\/uploads\/2022\/03\/image_50351361.jpg\" \/>\n<meta name=\"twitter:card\" content=\"summary_large_image\" \/>\n<meta name=\"twitter:label1\" content=\"Ber\u00e4knad l\u00e4stid\" \/>\n\t<meta name=\"twitter:data1\" content=\"4 minuter\" \/>\n<script type=\"application\/ld+json\" class=\"yoast-schema-graph\">{\"@context\":\"https:\/\/schema.org\",\"@graph\":[{\"@type\":\"WebSite\",\"@id\":\"https:\/\/lovdalensakeri.se\/#website\",\"url\":\"https:\/\/lovdalensakeri.se\/\",\"name\":\"Lovdalens \u00c5keri\",\"description\":\"\u00c4nnu en WordPress-webbplats\",\"potentialAction\":[{\"@type\":\"SearchAction\",\"target\":{\"@type\":\"EntryPoint\",\"urlTemplate\":\"https:\/\/lovdalensakeri.se\/?s={search_term_string}\"},\"query-input\":\"required name=search_term_string\"}],\"inLanguage\":\"sv-SE\"},{\"@type\":\"ImageObject\",\"@id\":\"https:\/\/lovdalensakeri.se\/#primaryimage\",\"inLanguage\":\"sv-SE\",\"url\":\"https:\/\/www.lovdalensakeri.se\/wp-content\/uploads\/2022\/03\/image_50351361.jpg\",\"contentUrl\":\"https:\/\/www.lovdalensakeri.se\/wp-content\/uploads\/2022\/03\/image_50351361.jpg\",\"width\":1140,\"height\":662},{\"@type\":\"WebPage\",\"@id\":\"https:\/\/lovdalensakeri.se\/#webpage\",\"url\":\"https:\/\/lovdalensakeri.se\/\",\"name\":\"Startsida - Lovdalens \u00c5keri\",\"isPartOf\":{\"@id\":\"https:\/\/lovdalensakeri.se\/#website\"},\"primaryImageOfPage\":{\"@id\":\"https:\/\/lovdalensakeri.se\/#primaryimage\"},\"datePublished\":\"2022-02-17T08:15:29+00:00\",\"dateModified\":\"2022-03-01T09:05:19+00:00\",\"breadcrumb\":{\"@id\":\"https:\/\/lovdalensakeri.se\/#breadcrumb\"},\"inLanguage\":\"sv-SE\",\"potentialAction\":[{\"@type\":\"ReadAction\",\"target\":[\"https:\/\/lovdalensakeri.se\/\"]}]},{\"@type\":\"BreadcrumbList\",\"@id\":\"https:\/\/lovdalensakeri.se\/#breadcrumb\",\"itemListElement\":[{\"@type\":\"ListItem\",\"position\":1,\"name\":\"Hem\",\"item\":\"https:\/\/lovdalensakeri.se\/\"},{\"@type\":\"ListItem\",\"position\":2,\"name\":\"Startsida\"}]}]}<\/script>\n<!-- \/ Yoast SEO plugin. -->","yoast_head_json":{"title":"Startsida - Lovdalens \u00c5keri","robots":{"index":"index","follow":"follow","max-snippet":"max-snippet:-1","max-image-preview":"max-image-preview:large","max-video-preview":"max-video-preview:-1"},"canonical":"https:\/\/lovdalensakeri.se\/","og_locale":"sv_SE","og_type":"article","og_title":"Startsida - Lovdalens \u00c5keri","og_description":"Det lilla \u00e5keriet i Bor\u00e5s med stora m\u00f6jligheter. Skr\u00e4ddarsytt efter era \u00f6nskem\u00e5l Vi ser till att ni f\u00e5r en s\u00e5 bra upplevelse som m\u00f6jligt. Kontakta oss med era \u00f6nskem\u00e5l s\u00e5 matchar vi behovet! Flexibla och snabba Vi utg\u00e5r fr\u00e5n Bor\u00e5s men \u00e4r flexibla och erbjuder v\u00e5ra tj\u00e4nster i hela V\u00e4stra G\u00f6taland! F\u00f6rs\u00e4ljning utav material Beh\u00f6ver&hellip; Continue reading Startsida","og_url":"https:\/\/lovdalensakeri.se\/","og_site_name":"Lovdalens \u00c5keri","article_modified_time":"2022-03-01T09:05:19+00:00","og_image":[{"url":"https:\/\/www.lovdalensakeri.se\/wp-content\/uploads\/2022\/03\/image_50351361.jpg"}],"twitter_card":"summary_large_image","twitter_misc":{"Ber\u00e4knad l\u00e4stid":"4 minuter"},"schema":{"@context":"https:\/\/schema.org","@graph":[{"@type":"WebSite","@id":"https:\/\/lovdalensakeri.se\/#website","url":"https:\/\/lovdalensakeri.se\/","name":"Lovdalens \u00c5keri","description":"\u00c4nnu en WordPress-webbplats","potentialAction":[{"@type":"SearchAction","target":{"@type":"EntryPoint","urlTemplate":"https:\/\/lovdalensakeri.se\/?s={search_term_string}"},"query-input":"required name=search_term_string"}],"inLanguage":"sv-SE"},{"@type":"ImageObject","@id":"https:\/\/lovdalensakeri.se\/#primaryimage","inLanguage":"sv-SE","url":"https:\/\/www.lovdalensakeri.se\/wp-content\/uploads\/2022\/03\/image_50351361.jpg","contentUrl":"https:\/\/www.lovdalensakeri.se\/wp-content\/uploads\/2022\/03\/image_50351361.jpg","width":1140,"height":662},{"@type":"WebPage","@id":"https:\/\/lovdalensakeri.se\/#webpage","url":"https:\/\/lovdalensakeri.se\/","name":"Startsida - Lovdalens \u00c5keri","isPartOf":{"@id":"https:\/\/lovdalensakeri.se\/#website"},"primaryImageOfPage":{"@id":"https:\/\/lovdalensakeri.se\/#primaryimage"},"datePublished":"2022-02-17T08:15:29+00:00","dateModified":"2022-03-01T09:05:19+00:00","breadcrumb":{"@id":"https:\/\/lovdalensakeri.se\/#breadcrumb"},"inLanguage":"sv-SE","potentialAction":[{"@type":"ReadAction","target":["https:\/\/lovdalensakeri.se\/"]}]},{"@type":"BreadcrumbList","@id":"https:\/\/lovdalensakeri.se\/#breadcrumb","itemListElement":[{"@type":"ListItem","position":1,"name":"Hem","item":"https:\/\/lovdalensakeri.se\/"},{"@type":"ListItem","position":2,"name":"Startsida"}]}]}},"_links":{"self":[{"href":"https:\/\/www.lovdalensakeri.se\/index.php?rest_route=\/wp\/v2\/pages\/2"}],"collection":[{"href":"https:\/\/www.lovdalensakeri.se\/index.php?rest_route=\/wp\/v2\/pages"}],"about":[{"href":"https:\/\/www.lovdalensakeri.se\/index.php?rest_route=\/wp\/v2\/types\/page"}],"author":[{"embeddable":true,"href":"https:\/\/www.lovdalensakeri.se\/index.php?rest_route=\/wp\/v2\/users\/1"}],"replies":[{"embeddable":true,"href":"https:\/\/www.lovdalensakeri.se\/index.php?rest_route=%2Fwp%2Fv2%2Fcomments&post=2"}],"version-history":[{"count":100,"href":"https:\/\/www.lovdalensakeri.se\/index.php?rest_route=\/wp\/v2\/pages\/2\/revisions"}],"predecessor-version":[{"id":152,"href":"https:\/\/www.lovdalensakeri.se\/index.php?rest_route=\/wp\/v2\/pages\/2\/revisions\/152"}],"wp:attachment":[{"href":"https:\/\/www.lovdalensakeri.se\/index.php?rest_route=%2Fwp%2Fv2%2Fmedia&parent=2"}],"curies":[{"name":"wp","href":"https:\/\/api.w.org\/{rel}","templated":true}]}}